{"id":139,"date":"2025-09-18T18:06:39","date_gmt":"2025-09-18T18:06:39","guid":{"rendered":"https:\/\/mermeladadejuegos.org\/ludica\/?page_id=139"},"modified":"2025-09-18T18:07:30","modified_gmt":"2025-09-18T18:07:30","slug":"game-jam-dia-de-muertos","status":"publish","type":"page","link":"https:\/\/mermeladadejuegos.org\/ludica\/game-jam-dia-de-muertos\/","title":{"rendered":"Game Jam D\u00eda de Muertos"},"content":{"rendered":"\n<p><strong>Tema secreto: (Por revelar)<\/strong><\/p>\n\n\n\n<p>La Game Jam de D\u00eda de Muertos es un evento en formato virtual para el desarrollo de proyectos l\u00fadicos, tales como: videojuegos, juegos de mesa, juegos de rol, juegos de patio, juguetes, comics, animaciones, dioramas, fotograf\u00eda y cosplay, o activaciones l\u00fadicas que inviten a la reflexi\u00f3n sobre las costumbres, historias o tradiciones alrededor de la muerte y su importancia cultural y humana.<\/p>\n\n\n\n<p>La jam consiste en formar equipos multidisciplinarios que, durante cuatro semanas, trabajen en el dise\u00f1o de un producto l\u00fadico.&nbsp;<\/p>\n\n\n\n<p id=\"gamejamdiademuertos\">Se espera que, al finalizar la Jam, cada equipo presente al menos un proyecto para ser evaluado por un comit\u00e9 que retroalimentar\u00e1 el proyecto y su contenido educativo.&nbsp;<\/p>\n\n\n\n<p><strong>Inscripci\u00f3n:<\/strong> <a href=\"https:\/\/itch.io\/jam\/game-jam-dia-de-muertos-2025\" target=\"_blank\" rel=\"noreferrer noopener\">https:\/\/itch.io\/jam\/game-jam-dia-de-muertos-2025<\/a><\/p>\n\n\n\n<p><strong>Bases:<\/strong><\/p>\n\n\n\n<p><strong>1.- Qui\u00e9n puede participar<\/strong><\/p>\n\n\n\n<p>Pueden participar todas las personas interesadas en el tema de la jam, as\u00ed como personas con intereses y conocimientos relacionados a la creaci\u00f3n de juegos, gamedesign, arte gr\u00e1fico, programaci\u00f3n, arte sonoro, m\u00fasica, fotograf\u00eda, entre otros.&nbsp;<\/p>\n\n\n\n<p>Los participantes deben tener disposici\u00f3n de tiempo para presentarse a todas las actividades de este evento; cumplir en tiempo y forma con los trabajos que acuerden realizar con sus colaboradores.<\/p>\n\n\n\n<p><strong>2.- Entregables:<\/strong><\/p>\n\n\n\n<p>Al t\u00e9rmino de la Game Jam se deber\u00e1n entregar proyectos 100% terminados en formato web o en formato de archivo descargable imprime y juega (Print &amp; Play).&nbsp;<\/p>\n\n\n\n<p>Los proyectos terminados deber\u00e1n publicarse bajo licencia Creative Commons, en el entendido que el coraz\u00f3n de este evento es generar y compartir conocimiento sobre el desarrollo de proyectos l\u00fadicos y la importancia del patrimonio cultural.<\/p>\n\n\n\n<p>Los juegos, archivos y evidencias deber\u00e1n registrarse en el sitio web que se indicar\u00e1 para tal efecto en la plataforma de Itch.io.&nbsp;<\/p>\n\n\n\n<p><strong>3.- Estructura del evento:<\/strong><\/p>\n\n\n\n<p>La Game Jam consta de 3 etapas: Inducci\u00f3n, Game Jam y, Exhibici\u00f3n y entrega de reconocimientos.<\/p>\n\n\n\n<p><strong>Inducci\u00f3n<\/strong>: Charlas en l\u00ednea introductorias por parte de especialistas en el tema de la jam y especialistas en el desarrollo de juegos. El objetivo es sensibilizar a las personas participantes, sobre el quehacer de la especialidad del tema antropol\u00f3gico, para que puedan aplicarlos en el desarrollo de sus proyectos; aunado a ello podr\u00e1n conocer fundamentos, tips y t\u00e9cnicas de desarrollo de juegos por parte de expertos en la industria.<\/p>\n\n\n\n<p>Pueden participar todas las personas interesadas en las charlas.<\/p>\n\n\n\n<p><strong>Game Jam Virtual:<\/strong>&nbsp;Evento de cuatro semanas de duraci\u00f3n en el cual se desarrollar\u00e1n los proyectos. Dentro del evento&nbsp; habr\u00e1 una sesi\u00f3n de mentor\u00eda y seguimiento a los proyectos.<\/p>\n\n\n\n<p><strong>Exhibici\u00f3n y entrega de reconocimientos:<\/strong>&nbsp;Evento para mostrar los proyectos resultantes y realizar la entrega de reconocimientos a los mejores proyectos desarrollados.&nbsp;&nbsp;<\/p>\n\n\n\n<p><strong>4.- C\u00f3mo participar<\/strong><\/p>\n\n\n\n<p>Para participar deber\u00e1n registrarse haciendo click en el bot\u00f3n \u00abUnirse\u00bb al inicio de esta p\u00e1gina,\u00a0las actividades se realizar\u00e1n por medio de la plataforma de\u00a0<a href=\"https:\/\/bit.ly\/discord-jam-ddm2025\" target=\"_blank\" rel=\"noreferrer noopener\">Discord<\/a>, por lo tanto ser\u00e1 requisito contar con una cuenta de usuario en \u00e9sta plataforma y\u00a0 unirse siguiendo este enlace:\u00a0<a href=\"https:\/\/bit.ly\/discord-jam-ddm2025\" target=\"_blank\" rel=\"noreferrer noopener\">https:\/\/bit.ly\/discord-jam-ddm2025<\/a><\/p>\n\n\n\n<p>El registro ser\u00e1 individual a\u00fan si se tiene contemplado participar en un equipo previamente constituido.<\/p>\n\n\n\n<p>El registro de proyectos se realizar\u00e1 mediante la plataforma Itch.io (en esta misma p\u00e1gina) haciendo click en el bot\u00f3n \u00abAgregar proyecto\u00bb<\/p>\n\n\n\n<p><strong>5.- Condiciones generales y restricciones:<\/strong><\/p>\n\n\n\n<p>Se dar\u00e1 libertad creativa a los desarrolladores de los proyectos, sin embargo, es del inter\u00e9s de las instancias organizadoras que la informaci\u00f3n que se transmita sea veraz y que evite en todo momento que por dolo, omisi\u00f3n o descuido se fomente el da\u00f1o al patrimonio cultural. Debe tomarse en cuenta tambi\u00e9n, que los proyectos resultantes deber\u00e1n ser respetuosos y aptos para todo p\u00fablico, su contenido no debe ser racista, denigrante o promover el odio a las personas, seres vivos o creencias.<\/p>\n\n\n\n<p>Se puede hacer uso de im\u00e1genes y m\u00fasica libres o con derechos.<\/p>\n\n\n\n<p>Los proyectos no deben incluir la menci\u00f3n o ejecuci\u00f3n de contenido protegido por derechos de autor de terceras personas; incluyendo pero no limitando a: videojuegos, im\u00e1genes, m\u00fasica, pel\u00edculas, libros, programaci\u00f3n, etc., excepto cuando el titular del respectivo derecho de autor haya dado su autorizaci\u00f3n o consentimiento por escrito.<\/p>\n\n\n\n<p>Pueden participar personas de todas las nacionalidades, sin embargo, en lo que respecta a la informaci\u00f3n del patrimonio mexicano se deber\u00e1 tomar en cuenta en todo momento las leyes que rigen y protegen el patrimonio cultural de esta naci\u00f3n.<\/p>\n\n\n\n<p>Se insta a que la formaci\u00f3n de equipos se realice considerando la equidad de g\u00e9nero, tomando en cuenta que \u00e9sta fomenta una configuraci\u00f3n de trabajo m\u00e1s \u00f3ptima y eficiente.<\/p>\n\n\n\n<p><strong>6.- Criterios de evaluaci\u00f3n<\/strong><\/p>\n\n\n\n<p>Los proyectos ser\u00e1n evaluados con respecto a los siguientes criterios:<\/p>\n\n\n\n<ul class=\"wp-block-list\">\n<li>Relaci\u00f3n al tema secreto<\/li>\n\n\n\n<li>Jugabilidad<\/li>\n\n\n\n<li>Creatividad<\/li>\n\n\n\n<li>Arte gr\u00e1fico<\/li>\n\n\n\n<li>Arte sonoro<\/li>\n\n\n\n<li>Inmersi\u00f3n<\/li>\n<\/ul>\n\n\n\n<p><strong>7.- Calendarizaci\u00f3n<\/strong><\/p>\n\n\n\n<p>-Inducci\u00f3n (en l\u00ednea): Del 29 de septiembre al 3 de octubre de 2025, de 18:00 a 19:30 hrs.<\/p>\n\n\n\n<ol class=\"wp-block-list\">\n<li>D\u00eda 29 de septiembre: (Charlas por confirmar)<\/li>\n\n\n\n<li>D\u00eda 30 de septiembre:\u00a0<\/li>\n\n\n\n<li>D\u00eda 1 de octubre:\u00a0<\/li>\n\n\n\n<li>D\u00eda 2 de octubre:\u00a0<\/li>\n\n\n\n<li>D\u00eda 3 de octubre:\u00a0<\/li>\n<\/ol>\n\n\n\n<p>-Game Jam Virtual: Del&nbsp; al 29 de septiembre al 31 de octubre de 2025<\/p>\n\n\n\n<p>-Revisi\u00f3n y mentor\u00eda: s\u00e1bados 11 y 25 de octubre, de 10 a 14 hrs.<\/p>\n\n\n\n<p>-Muestra de proyectos: 1 de noviembre de 2025, (por definir)<\/p>\n\n\n\n<p>-Reconocimiento&nbsp; de proyectos: 8 de noviembre de 2025, de 10:00 a 12:00 hrs (en l\u00ednea)<\/p>\n\n\n\n<p><strong>8.- Reconocimientos<\/strong><\/p>\n\n\n\n<p>El presente evento no tiene car\u00e1cter de competencia, por lo que no se otorgar\u00e1n premios por el trabajo realizado, sin embargo, en aras de reconocer el trabajo de las personas que participen en \u00e9ste evento, se otorgar\u00e1n algunos reconocimientos especiales a los participantes y equipos que destaquen en diversas \u00e1reas de especialidad; as\u00ed como, menciones especiales que los miembros del comit\u00e9 organizador, mentores y colaboradores consideren hacer a los participantes o equipos.&nbsp;<\/p>\n\n\n\n<p><strong>9.- C\u00f3digo de conducta<\/strong><\/p>\n\n\n\n<p>La Game Jam es un evento para la creaci\u00f3n colectiva, un espacio de interacci\u00f3n y colaboraci\u00f3n; por tal motivo queremos brindar una experiencia inclusiva y de convivencia para todas las personas participantes del evento. Por tal motivo no se permitir\u00e1 el acoso ni la discriminaci\u00f3n de cualquier tipo,&nbsp; independientemente de la identidad y expresi\u00f3n de g\u00e9nero, orientaci\u00f3n sexual, discapacidades, neurodiversidad, apariencia f\u00edsica, etnia, nacionalidad, raza, edad, religi\u00f3n u otra categor\u00eda protegida.<\/p>\n\n\n\n<p>La Game Jam se reserva el derecho de rechazar la participaci\u00f3n o remover del evento, y cualquier otra actividad relacionada al mismo, en cualquier momento a su entera discreci\u00f3n. Esto incluye, pero no se limita a, que los participantes se comporten de manera desordenada o&nbsp; no respeten el c\u00f3digo de conducta y la pol\u00edtica anti acoso.<\/p>\n\n\n\n<p>Te pedimos reportar cualquier tipo de comportamiento que te haga sentir inc\u00f3modo a ti o a otros participantes.<\/p>\n\n\n\n<p><strong>Registro:\u00a0<\/strong> <a href=\"https:\/\/itch.io\/jam\/game-jam-dia-de-muertos-2025\" target=\"_blank\" rel=\"noreferrer noopener\">https:\/\/itch.io\/jam\/game-jam-dia-de-muertos-2025<\/a><\/p>\n\n\n\n<figure class=\"wp-block-image size-full\"><a href=\"https:\/\/mermeladadejuegos.org\/ludica\/wp-content\/uploads\/2025\/09\/Con-el-apoyo-de-jam-dia-de-muertos.png\"><img loading=\"lazy\" decoding=\"async\" width=\"500\" height=\"500\" src=\"https:\/\/mermeladadejuegos.org\/ludica\/wp-content\/uploads\/2025\/09\/Con-el-apoyo-de-jam-dia-de-muertos.png\" alt=\"\" class=\"wp-image-140\" srcset=\"https:\/\/mermeladadejuegos.org\/ludica\/wp-content\/uploads\/2025\/09\/Con-el-apoyo-de-jam-dia-de-muertos.png 500w, https:\/\/mermeladadejuegos.org\/ludica\/wp-content\/uploads\/2025\/09\/Con-el-apoyo-de-jam-dia-de-muertos-300x300.png 300w, https:\/\/mermeladadejuegos.org\/ludica\/wp-content\/uploads\/2025\/09\/Con-el-apoyo-de-jam-dia-de-muertos-150x150.png 150w\" sizes=\"auto, (max-width: 500px) 100vw, 500px\" \/><\/a><\/figure>\n\n\n\n<p><\/p>\n\n\n\n<p><strong>Contacto:<\/strong><\/p>\n\n\n\n<p>Para cualquier duda sobre el evento nos pueden contactar v\u00eda correo a:<\/p>\n\n\n\n<p>ludica@mermeladadejuegos.org<\/p>\n","protected":false},"excerpt":{"rendered":"<p>Tema secreto: (Por revelar) La Game Jam de D\u00eda de Muertos es un evento en formato virtual para el desarrollo de proyectos l\u00fadicos, tales como: videojuegos, juegos de mesa, juegos de rol, juegos de patio, juguetes, comics, animaciones, dioramas, fotograf\u00eda y cosplay, o activaciones l\u00fadicas que inviten a la reflexi\u00f3n sobre las costumbres, historias o [&hellip;]<\/p>\n","protected":false},"author":2,"featured_media":0,"parent":0,"menu_order":0,"comment_status":"closed","ping_status":"closed","template":"","meta":{"footnotes":""},"class_list":["post-139","page","type-page","status-publish","hentry"],"_links":{"self":[{"href":"https:\/\/mermeladadejuegos.org\/ludica\/wp-json\/wp\/v2\/pages\/139","targetHints":{"allow":["GET"]}}],"collection":[{"href":"https:\/\/mermeladadejuegos.org\/ludica\/wp-json\/wp\/v2\/pages"}],"about":[{"href":"https:\/\/mermeladadejuegos.org\/ludica\/wp-json\/wp\/v2\/types\/page"}],"author":[{"embeddable":true,"href":"https:\/\/mermeladadejuegos.org\/ludica\/wp-json\/wp\/v2\/users\/2"}],"replies":[{"embeddable":true,"href":"https:\/\/mermeladadejuegos.org\/ludica\/wp-json\/wp\/v2\/comments?post=139"}],"version-history":[{"count":3,"href":"https:\/\/mermeladadejuegos.org\/ludica\/wp-json\/wp\/v2\/pages\/139\/revisions"}],"predecessor-version":[{"id":143,"href":"https:\/\/mermeladadejuegos.org\/ludica\/wp-json\/wp\/v2\/pages\/139\/revisions\/143"}],"wp:attachment":[{"href":"https:\/\/mermeladadejuegos.org\/ludica\/wp-json\/wp\/v2\/media?parent=139"}],"curies":[{"name":"wp","href":"https:\/\/api.w.org\/{rel}","templated":true}]}}