{"id":37,"date":"2024-06-15T00:26:43","date_gmt":"2024-06-15T00:26:43","guid":{"rendered":"http:\/\/mermeladadejuegos.org\/ludica\/?page_id=37"},"modified":"2024-06-15T00:26:43","modified_gmt":"2024-06-15T00:26:43","slug":"mini-game-work-jam","status":"publish","type":"page","link":"https:\/\/mermeladadejuegos.org\/ludica\/mini-game-work-jam\/","title":{"rendered":"Mini Game Work Jam"},"content":{"rendered":"\n<p>La \u201c<em>Mini Game Work Jam: Conservaci\u00f3n del Patrimonio Cultural<\/em>\u201d es un evento en formato virtual para el desarrollo de videojuegos, juegos de mesa, juegos de rol, juegos de patio o activaciones que inviten a la reflexi\u00f3n sobre la importancia de la conservaci\u00f3n del patrimonio gr\u00e1fico rupestre. Se trata de una iniciativa impulsada por la Secretar\u00eda de Cultura del Gobierno de M\u00e9xico, a trav\u00e9s del Instituto Nacional de Antropolog\u00eda e Historia (INAH) y de la Direcci\u00f3n de Gesti\u00f3n y Vinculaci\u00f3n de la Coordinaci\u00f3n Nacional de Conservaci\u00f3n del Patrimonio Cultural (CNCPC), el Colectivo Independiente \u201cMermelada de juegos\u201d y la FUNDAV &#8211; Cooperativa Argentina de Videojuegos.<\/p>\n\n\n\n<p>La jam consiste en formar equipos multidisciplinarios que, durante ocho semanas, trabajan en el dise\u00f1o de un producto l\u00fadico. En este proceso los equipos cuentan con la asesor\u00eda de especialistas de dos \u00e1reas: conservaci\u00f3n del patrimonio cultural y desarrollo de juegos.&nbsp;<\/p>\n\n\n\n<p>Las actividades est\u00e1n organizadas de modo similar a los procesos de producci\u00f3n profesional de juegos y, en ese sentido, es una oportunidad para que los desarrolladores principiantes se familiaricen con ellos y para que los desarrolladores experimentados afinen sus habilidades de trabajo profesional.&nbsp;<\/p>\n\n\n\n<hr class=\"wp-block-separator has-alpha-channel-opacity\"\/>\n\n\n\n<div class=\"wp-block-group is-vertical is-layout-flex wp-container-core-group-is-layout-fe9cc265 wp-block-group-is-layout-flex\">\n<h2 class=\"wp-block-heading\">MGWJ 2024<br>Patrimonio Gr\u00e1fico Rupestre<\/h2>\n<\/div>\n\n\n\n<p>La \u00faltima de las MGWJs para crear juegos sobre la importancia del patrimonio Gr\u00e1fico Rupestre.<\/p>\n\n\n\n<figure class=\"wp-block-image size-large\"><a href=\"https:\/\/itch.io\/jam\/mini-game-work-jam-2024\" target=\"_blank\" rel=\"https:\/\/itch.io\/jam\/mini-game-work-jam-2024 noopener\"><img loading=\"lazy\" decoding=\"async\" width=\"1024\" height=\"436\" src=\"https:\/\/mermeladadejuegos.org\/ludica\/wp-content\/uploads\/2024\/06\/MGWJ-2024-1024x436.png\" alt=\"Mini Game Work Jam 2024 - Patrimonio Gr\u00e1fico Rupestre.\" class=\"wp-image-38\" srcset=\"https:\/\/mermeladadejuegos.org\/ludica\/wp-content\/uploads\/2024\/06\/MGWJ-2024-1024x436.png 1024w, https:\/\/mermeladadejuegos.org\/ludica\/wp-content\/uploads\/2024\/06\/MGWJ-2024-300x128.png 300w, https:\/\/mermeladadejuegos.org\/ludica\/wp-content\/uploads\/2024\/06\/MGWJ-2024-768x327.png 768w, https:\/\/mermeladadejuegos.org\/ludica\/wp-content\/uploads\/2024\/06\/MGWJ-2024-1536x654.png 1536w, https:\/\/mermeladadejuegos.org\/ludica\/wp-content\/uploads\/2024\/06\/MGWJ-2024.png 1801w\" sizes=\"auto, (max-width: 1024px) 100vw, 1024px\" \/><\/a><\/figure>\n\n\n\n<hr class=\"wp-block-separator has-alpha-channel-opacity\"\/>\n\n\n\n<h2 class=\"wp-block-heading\">MGWJ 2023<br>Contra el tr\u00e1fico il\u00edcito de bienes culturales.<\/h2>\n\n\n\n<p>MGWJ de juegos para prevenir el tr\u00e1fico il\u00edcito de bienes culturales.<\/p>\n\n\n\n<figure class=\"wp-block-image size-large\"><a href=\"https:\/\/itch.io\/jam\/mini-game-work-jam-2023\" target=\"_blank\" rel=\"noreferrer noopener\"><img loading=\"lazy\" decoding=\"async\" width=\"1024\" height=\"240\" src=\"https:\/\/mermeladadejuegos.org\/ludica\/wp-content\/uploads\/2024\/06\/MGWJ-2023-1024x240.jpg\" alt=\"MGWJ 2023 - Contra el tr\u00e1fico il\u00edcito de bienes culturales.\" class=\"wp-image-40\" srcset=\"https:\/\/mermeladadejuegos.org\/ludica\/wp-content\/uploads\/2024\/06\/MGWJ-2023-1024x240.jpg 1024w, https:\/\/mermeladadejuegos.org\/ludica\/wp-content\/uploads\/2024\/06\/MGWJ-2023-300x70.jpg 300w, https:\/\/mermeladadejuegos.org\/ludica\/wp-content\/uploads\/2024\/06\/MGWJ-2023-768x180.jpg 768w, https:\/\/mermeladadejuegos.org\/ludica\/wp-content\/uploads\/2024\/06\/MGWJ-2023-1536x359.jpg 1536w, https:\/\/mermeladadejuegos.org\/ludica\/wp-content\/uploads\/2024\/06\/MGWJ-2023.jpg 1667w\" sizes=\"auto, (max-width: 1024px) 100vw, 1024px\" \/><\/a><\/figure>\n\n\n\n<hr class=\"wp-block-separator has-alpha-channel-opacity\"\/>\n\n\n\n<h2 class=\"wp-block-heading\">MGWJ 2021<br>Paleontojam<\/h2>\n\n\n\n<p>MGWJ de juegos que muestran la importancia de la conservaci\u00f3n paleontol\u00f3gica.<\/p>\n\n\n\n<figure class=\"wp-block-image size-large\"><a href=\"https:\/\/mermeladadejuegos.org\/ludica\/wp-content\/uploads\/2024\/06\/MGWJ-2021.png\" target=\"_blank\" rel=\"noreferrer noopener\"><img loading=\"lazy\" decoding=\"async\" width=\"1024\" height=\"192\" src=\"https:\/\/mermeladadejuegos.org\/ludica\/wp-content\/uploads\/2024\/06\/MGWJ-2021-1024x192.png\" alt=\"\" class=\"wp-image-41\" srcset=\"https:\/\/mermeladadejuegos.org\/ludica\/wp-content\/uploads\/2024\/06\/MGWJ-2021-1024x192.png 1024w, https:\/\/mermeladadejuegos.org\/ludica\/wp-content\/uploads\/2024\/06\/MGWJ-2021-300x56.png 300w, https:\/\/mermeladadejuegos.org\/ludica\/wp-content\/uploads\/2024\/06\/MGWJ-2021-768x144.png 768w, https:\/\/mermeladadejuegos.org\/ludica\/wp-content\/uploads\/2024\/06\/MGWJ-2021-1536x288.png 1536w, https:\/\/mermeladadejuegos.org\/ludica\/wp-content\/uploads\/2024\/06\/MGWJ-2021-2048x385.png 2048w\" sizes=\"auto, (max-width: 1024px) 100vw, 1024px\" \/><\/a><\/figure>\n\n\n\n<hr class=\"wp-block-separator has-alpha-channel-opacity\"\/>\n\n\n\n<h2 class=\"wp-block-heading\">MGWJ 2020<\/h2>\n\n\n\n<p>MGWJ de juegos de conservaci\u00f3n del Patrimonio Hist\u00f3rico.<\/p>\n\n\n\n<figure class=\"wp-block-image size-large\"><a href=\"https:\/\/mermeladadejuegos.org\/ludica\/wp-content\/uploads\/2024\/06\/MGWJ-2020.png\" target=\"_blank\" rel=\"noreferrer noopener\"><img loading=\"lazy\" decoding=\"async\" width=\"1024\" height=\"576\" src=\"https:\/\/mermeladadejuegos.org\/ludica\/wp-content\/uploads\/2024\/06\/MGWJ-2020-1024x576.png\" alt=\"\" class=\"wp-image-42\" srcset=\"https:\/\/mermeladadejuegos.org\/ludica\/wp-content\/uploads\/2024\/06\/MGWJ-2020-1024x576.png 1024w, https:\/\/mermeladadejuegos.org\/ludica\/wp-content\/uploads\/2024\/06\/MGWJ-2020-300x169.png 300w, https:\/\/mermeladadejuegos.org\/ludica\/wp-content\/uploads\/2024\/06\/MGWJ-2020-768x432.png 768w, https:\/\/mermeladadejuegos.org\/ludica\/wp-content\/uploads\/2024\/06\/MGWJ-2020-1536x864.png 1536w, https:\/\/mermeladadejuegos.org\/ludica\/wp-content\/uploads\/2024\/06\/MGWJ-2020.png 1920w\" sizes=\"auto, (max-width: 1024px) 100vw, 1024px\" \/><\/a><\/figure>\n\n\n\n<hr class=\"wp-block-separator has-alpha-channel-opacity\"\/>\n\n\n\n<p><\/p>\n","protected":false},"excerpt":{"rendered":"<p>La \u201cMini Game Work Jam: Conservaci\u00f3n del Patrimonio Cultural\u201d es un evento en formato virtual para el desarrollo de videojuegos, juegos de mesa, juegos de rol, juegos de patio o activaciones que inviten a la reflexi\u00f3n sobre la importancia de la conservaci\u00f3n del patrimonio gr\u00e1fico rupestre. Se trata de una iniciativa impulsada por la Secretar\u00eda [&hellip;]<\/p>\n","protected":false},"author":2,"featured_media":40,"parent":0,"menu_order":0,"comment_status":"closed","ping_status":"closed","template":"","meta":{"footnotes":""},"class_list":["post-37","page","type-page","status-publish","has-post-thumbnail","hentry"],"_links":{"self":[{"href":"https:\/\/mermeladadejuegos.org\/ludica\/wp-json\/wp\/v2\/pages\/37","targetHints":{"allow":["GET"]}}],"collection":[{"href":"https:\/\/mermeladadejuegos.org\/ludica\/wp-json\/wp\/v2\/pages"}],"about":[{"href":"https:\/\/mermeladadejuegos.org\/ludica\/wp-json\/wp\/v2\/types\/page"}],"author":[{"embeddable":true,"href":"https:\/\/mermeladadejuegos.org\/ludica\/wp-json\/wp\/v2\/users\/2"}],"replies":[{"embeddable":true,"href":"https:\/\/mermeladadejuegos.org\/ludica\/wp-json\/wp\/v2\/comments?post=37"}],"version-history":[{"count":2,"href":"https:\/\/mermeladadejuegos.org\/ludica\/wp-json\/wp\/v2\/pages\/37\/revisions"}],"predecessor-version":[{"id":43,"href":"https:\/\/mermeladadejuegos.org\/ludica\/wp-json\/wp\/v2\/pages\/37\/revisions\/43"}],"wp:featuredmedia":[{"embeddable":true,"href":"https:\/\/mermeladadejuegos.org\/ludica\/wp-json\/wp\/v2\/media\/40"}],"wp:attachment":[{"href":"https:\/\/mermeladadejuegos.org\/ludica\/wp-json\/wp\/v2\/media?parent=37"}],"curies":[{"name":"wp","href":"https:\/\/api.w.org\/{rel}","templated":true}]}}