{"id":5,"date":"2024-06-08T01:23:29","date_gmt":"2024-06-08T01:23:29","guid":{"rendered":"http:\/\/mermeladadejuegos.org\/ludica\/?page_id=5"},"modified":"2024-06-08T02:35:19","modified_gmt":"2024-06-08T02:35:19","slug":"dossier","status":"publish","type":"page","link":"https:\/\/mermeladadejuegos.org\/ludica\/dossier\/","title":{"rendered":"Presentaci\u00f3n"},"content":{"rendered":"\n<p>La comunidad \u00abMermelada de Juegos\u00bb es un detonante de convivencia en cultura l\u00fadica, di\u00e1logo y experimentaci\u00f3n entorno a la industria de los los juegos y el entretenimiento en M\u00e9xico, donde se promueve la integraci\u00f3n a trav\u00e9s del juego.<\/p>\n\n\n\n<p>Nuestro objetivo es promover distintos tipos de juegos, crear juegos y difundir los juegos creados en nuestros eventos. As\u00ed mismo, buscamos apoyar y colaborar con las comunidades y desarrolladores de juegos para difundir su trabajo.<\/p>\n\n\n\n<h2 class=\"wp-block-heading\">Objetivo<\/h2>\n\n\n\n<p>Desarrollar actividades de convergencia para la colaboraci\u00f3n, creaci\u00f3n de juegos y contenido multidisciplinario que promueve la cultura l\u00fadica, mediante los ejes de acci\u00f3n de inclusi\u00f3n, generaci\u00f3n de conocimiento y emprendimiento.<\/p>\n\n\n\n<ul class=\"wp-block-list\">\n<li>Difusi\u00f3n de la Cultura L\u00fadica<\/li>\n<\/ul>\n\n\n\n<p>El juego es la manera en que el ser humano desarrolla habilidades, explora su entorno y propone soluciones a problemas imaginarios; por esta raz\u00f3n es importante que las personas conozcan diferentes tipos de juegos y c\u00f3mo desarrollan distintas habilidades y la manera en que forman productos y recursos de expresi\u00f3n humana.<\/p>\n\n\n\n<ul class=\"wp-block-list\">\n<li>Creaci\u00f3n de productos l\u00fadicos<\/li>\n<\/ul>\n\n\n\n<p>Los juegos son herramientas y permiten la creaci\u00f3n y construcci\u00f3n de productos con diferentes objetivos como la expresi\u00f3n.<br>Para nosotros es importante que las personas tengan la oportunidad de reencontrarse con su parte creativa y al conocer las posibilidades de \u00e9sta herramienta de expresi\u00f3n puedan generar productos que enriquezcan la vida de las dem\u00e1s personas.<\/p>\n\n\n\n<ul class=\"wp-block-list\">\n<li>Divulgaci\u00f3n y exhibici\u00f3n<\/li>\n<\/ul>\n\n\n\n<p>Gracias a la apertura digital se ha visto una zona de oportunidad creativa y comercial en el desarrollo de juegos (videojuegos, juegos de mesa, juegos de rol, entre otros productos l\u00fadicos).<br>Consideramos que hay fuga de talento en el proceso de desarrollo de videojuegos y velo sobre juegos de mesa, pero debido a la gran competencia mundial se ven sepultados en un mar de t\u00edtulos; por esta raz\u00f3n buscamos abrir espacios donde el p\u00fablico nacional pueda conocer el trabajo de las y los creadores mexicanos.<\/p>\n","protected":false},"excerpt":{"rendered":"<p>La comunidad \u00abMermelada de Juegos\u00bb es un detonante de convivencia en cultura l\u00fadica, di\u00e1logo y experimentaci\u00f3n entorno a la industria de los los juegos y el entretenimiento en M\u00e9xico, donde se promueve la integraci\u00f3n a trav\u00e9s del juego. Nuestro objetivo es promover distintos tipos de juegos, crear juegos y difundir los juegos creados en nuestros [&hellip;]<\/p>\n","protected":false},"author":2,"featured_media":0,"parent":0,"menu_order":0,"comment_status":"closed","ping_status":"closed","template":"","meta":{"footnotes":""},"class_list":["post-5","page","type-page","status-publish","hentry"],"_links":{"self":[{"href":"https:\/\/mermeladadejuegos.org\/ludica\/wp-json\/wp\/v2\/pages\/5","targetHints":{"allow":["GET"]}}],"collection":[{"href":"https:\/\/mermeladadejuegos.org\/ludica\/wp-json\/wp\/v2\/pages"}],"about":[{"href":"https:\/\/mermeladadejuegos.org\/ludica\/wp-json\/wp\/v2\/types\/page"}],"author":[{"embeddable":true,"href":"https:\/\/mermeladadejuegos.org\/ludica\/wp-json\/wp\/v2\/users\/2"}],"replies":[{"embeddable":true,"href":"https:\/\/mermeladadejuegos.org\/ludica\/wp-json\/wp\/v2\/comments?post=5"}],"version-history":[{"count":7,"href":"https:\/\/mermeladadejuegos.org\/ludica\/wp-json\/wp\/v2\/pages\/5\/revisions"}],"predecessor-version":[{"id":22,"href":"https:\/\/mermeladadejuegos.org\/ludica\/wp-json\/wp\/v2\/pages\/5\/revisions\/22"}],"wp:attachment":[{"href":"https:\/\/mermeladadejuegos.org\/ludica\/wp-json\/wp\/v2\/media?parent=5"}],"curies":[{"name":"wp","href":"https:\/\/api.w.org\/{rel}","templated":true}]}}