{"id":59,"date":"2024-12-06T06:32:55","date_gmt":"2024-12-06T06:32:55","guid":{"rendered":"http:\/\/mermeladadejuegos.org\/ludica\/?page_id=59"},"modified":"2025-11-25T18:08:33","modified_gmt":"2025-11-25T18:08:33","slug":"talleres","status":"publish","type":"page","link":"https:\/\/mermeladadejuegos.org\/ludica\/talleres\/","title":{"rendered":"Talleres"},"content":{"rendered":"\n<p>Programaci\u00f3n b\u00e1sica para videojuegos.<\/p>\n\n\n\n<figure class=\"wp-block-video\"><video height=\"1080\" style=\"aspect-ratio: 1920 \/ 1080;\" width=\"1920\" autoplay loop muted src=\"https:\/\/mermeladadejuegos.org\/ludica\/wp-content\/uploads\/2025\/07\/Promo-taller-Renpy-1.mp4\" playsinline><\/video><\/figure>\n\n\n\n<figure class=\"wp-block-image aligncenter size-medium\"><a href=\"https:\/\/mermeladadejuegos.org\/ludica\/wp-content\/uploads\/2025\/07\/Taller-de-programacion-Principiantes.png\"><img loading=\"lazy\" decoding=\"async\" width=\"300\" height=\"300\" src=\"https:\/\/mermeladadejuegos.org\/ludica\/wp-content\/uploads\/2025\/07\/Taller-de-programacion-Principiantes-300x300.png\" alt=\"\" class=\"wp-image-118\" srcset=\"https:\/\/mermeladadejuegos.org\/ludica\/wp-content\/uploads\/2025\/07\/Taller-de-programacion-Principiantes-300x300.png 300w, https:\/\/mermeladadejuegos.org\/ludica\/wp-content\/uploads\/2025\/07\/Taller-de-programacion-Principiantes-1024x1024.png 1024w, https:\/\/mermeladadejuegos.org\/ludica\/wp-content\/uploads\/2025\/07\/Taller-de-programacion-Principiantes-150x150.png 150w, https:\/\/mermeladadejuegos.org\/ludica\/wp-content\/uploads\/2025\/07\/Taller-de-programacion-Principiantes-768x768.png 768w, https:\/\/mermeladadejuegos.org\/ludica\/wp-content\/uploads\/2025\/07\/Taller-de-programacion-Principiantes.png 1080w\" sizes=\"auto, (max-width: 300px) 100vw, 300px\" \/><\/a><\/figure>\n\n\n\n<p><strong>Objetivo: <\/strong><\/p>\n\n\n\n<p>Las personas participantes conocer\u00e1n los fundamentos b\u00e1sicos de programaci\u00f3n y lo aplicar\u00e1n en el desarrollo b\u00e1sico de una novela visual y de un juego simple.<\/p>\n\n\n\n<p><strong>Objetivo secundario:<\/strong><\/p>\n\n\n\n<p>Adquirir el conocimiento b\u00e1sico de la herramienta Ren&#8217;Py para desarrollo de novelas visuales.<\/p>\n\n\n\n<p>Adquirir el conocimiento m\u00ednimo de la herramienta GODOT Engine para desarrollo de videojuegos 2D.<\/p>\n\n\n\n<p><strong>Duraci\u00f3n:<\/strong> 9 horas.<\/p>\n\n\n\n<p>Temario:<\/p>\n\n\n\n<ul class=\"wp-block-list\">\n<li>Fundamentos de programaci\u00f3n:\n<ul class=\"wp-block-list\">\n<li>Algoritmos<\/li>\n\n\n\n<li>Tipos de datos<\/li>\n\n\n\n<li>Variables<\/li>\n\n\n\n<li>Funciones<\/li>\n\n\n\n<li>Lenguaje de programaci\u00f3n\n<ul class=\"wp-block-list\">\n<li>Ren&#8217;Py<\/li>\n\n\n\n<li>Godot<\/li>\n<\/ul>\n<\/li>\n<\/ul>\n<\/li>\n\n\n\n<li>Proceso de desarrollo de juegos\n<ul class=\"wp-block-list\">\n<li>El juego<\/li>\n\n\n\n<li>Proceso de producci\u00f3n de juegos<\/li>\n\n\n\n<li>Gamification Model Canvas<\/li>\n<\/ul>\n<\/li>\n\n\n\n<li>Ejercicios<\/li>\n<\/ul>\n\n\n\n<p><\/p>\n\n\n\n<p><strong>Pr\u00f3ximas fechas:<\/strong> <\/p>\n\n\n\n<p>Diciembre:<\/p>\n\n\n\n<p>Turno Matutino: <strong>Horario<\/strong>: 09:00 a 12:00 hrs, hora de la Ciudad de M\u00e9xico (GMT-6)<\/p>\n\n\n\n<ul class=\"wp-block-list\">\n<li>Grupo A: 2, 3 y 4 de diciembre de 2025<\/li>\n\n\n\n<li>Grupo B: 9, 10 y 11 de diciembre de 2025<\/li>\n\n\n\n<li>Grupo C: 16, 17 y 18 de diciembre de 2025<\/li>\n<\/ul>\n\n\n\n<p>Turno Vespertino: <strong>Horario<\/strong>: 17:00 a 20:00 hrs, hora de la Ciudad de M\u00e9xico (GMT-6)<\/p>\n\n\n\n<ul class=\"wp-block-list\">\n<li>Grupo D: 2, 3 y 4 de diciembre de 2025<\/li>\n\n\n\n<li>Grupo E: 9, 10 y 11 de diciembre de 2025<\/li>\n\n\n\n<li>Grupo F: 16, 17 y 18 de diciembre de 2025<\/li>\n<\/ul>\n\n\n\n<p>Enero 2026:<\/p>\n\n\n\n<p>Turno Matutino: <strong>Horario<\/strong>: 10:00 a 13:00 hrs, hora de la Ciudad de M\u00e9xico (GMT-6)<\/p>\n\n\n\n<ul class=\"wp-block-list\">\n<li>Grupo A: 6, 7 y 8 de enero de 2026<\/li>\n\n\n\n<li>Grupo B: 13, 14, y 15 de enero de 2026<\/li>\n\n\n\n<li>Grupo C: 20, 21 y 22 de enero de 2026<\/li>\n\n\n\n<li>Grupo D: 27, 28 y 29 de enero de 2026<\/li>\n<\/ul>\n\n\n\n<p>Turno Vespertino: <strong>Horario<\/strong>: 17:00 a 18:30 hrs, hora de la Ciudad de M\u00e9xico (GMT-6)<\/p>\n\n\n\n<ul class=\"wp-block-list\">\n<li>Grupo E: 6, 7, 8, 13, 14 y 15 de enero de 2026<\/li>\n\n\n\n<li>Grupo F: 20, 21, 22, 23, 28 y 29 de enero de 2026<\/li>\n<\/ul>\n\n\n\n<p><strong>Dirigido a:<\/strong> <\/p>\n\n\n\n<p>Personas mayores de 15 a\u00f1os, interesadas en aprender las bases del desarrollo de videojuegos.<\/p>\n\n\n\n<p><strong>Cupo limitado a:<\/strong> 5 personas por grupo.<\/p>\n\n\n\n<p><strong>Asistencia m\u00ednima<\/strong> para abrir grupo 2 personas.<\/p>\n\n\n\n<p><strong>Requisitos:<\/strong><\/p>\n\n\n\n<ul class=\"wp-block-list\">\n<li>Contar con computadora personal.<\/li>\n\n\n\n<li>Contar con acceso a internet.<\/li>\n\n\n\n<li>Haber instalado la \u00faltima versi\u00f3n de los programas de <a href=\"https:\/\/www.renpy.org\/latest.html\" target=\"_blank\" rel=\"noreferrer noopener\">Ren&#8217;Py<\/a>, <a href=\"https:\/\/code.visualstudio.com\/Download\" target=\"_blank\" rel=\"noreferrer noopener\">Visual Studio Code<\/a>, <a href=\"https:\/\/marketplace.visualstudio.com\/items?itemName=LuqueDaniel.languague-renpy\" target=\"_blank\" rel=\"noreferrer noopener\">Ren&#8217;Py Language extension<\/a> y de <a href=\"https:\/\/godotengine.org\/\" target=\"_blank\" rel=\"noreferrer noopener\">GODOT Engine<\/a>.<\/li>\n\n\n\n<li>Escolaridad m\u00ednima de nivel secundaria.<\/li>\n<\/ul>\n\n\n\n<p><strong>Impartido por:<\/strong> <\/p>\n\n\n\n<figure class=\"wp-block-image size-full is-resized\"><a href=\"https:\/\/mermeladadejuegos.org\/ludica\/wp-content\/uploads\/2024\/12\/Foto-HectorGuerrero.png\"><img loading=\"lazy\" decoding=\"async\" width=\"500\" height=\"500\" src=\"https:\/\/mermeladadejuegos.org\/ludica\/wp-content\/uploads\/2024\/12\/Foto-HectorGuerrero.png\" alt=\"\" class=\"wp-image-70\" style=\"width:215px;height:auto\" srcset=\"https:\/\/mermeladadejuegos.org\/ludica\/wp-content\/uploads\/2024\/12\/Foto-HectorGuerrero.png 500w, https:\/\/mermeladadejuegos.org\/ludica\/wp-content\/uploads\/2024\/12\/Foto-HectorGuerrero-300x300.png 300w, https:\/\/mermeladadejuegos.org\/ludica\/wp-content\/uploads\/2024\/12\/Foto-HectorGuerrero-150x150.png 150w\" sizes=\"auto, (max-width: 500px) 100vw, 500px\" \/><\/a><\/figure>\n\n\n\n<p>H\u00e9ctor Guerrero.<\/p>\n\n\n\n<p>Promotor cultural, productor y desarrollador de videojuegos independiente, organizador y colaborador en m\u00faltiples Game Jams, meetups y otros eventos relacionados a la industria del juego. Ex-l\u00edder de comunidades de desarrollo de juegos, ex-director del Laboratorio de Juegos del Centro de Cultura Digital.<\/p>\n\n\n\n<p><strong>Costo:<\/strong> <\/p>\n\n\n\n<ul class=\"wp-block-list\">\n<li><s>$1,299.00 MX (I.V.A. Incluido)<\/s><\/li>\n\n\n\n<li>$649.50 MX (I.V.A. Incluido) *Oferta por temporada de la Global Game Jam\u00ae<\/li>\n<\/ul>\n\n\n\n<p><\/p>\n\n\n\n<p><strong>Solicita tu lugar:<\/strong> <\/p>\n\n\n\n<p><\/p>\n\n\n\n<hr class=\"wp-block-separator aligncenter has-alpha-channel-opacity\"\/>\n\n\n\n<div class=\"wp-block-columns is-layout-flex wp-container-core-columns-is-layout-28f84493 wp-block-columns-is-layout-flex\">\n<div class=\"wp-block-column is-layout-flow wp-block-column-is-layout-flow\" style=\"flex-basis:25%\"><\/div>\n\n\n\n<div class=\"wp-block-column is-layout-flow wp-block-column-is-layout-flow\" style=\"flex-basis:50%\">\n<div>\n  <style>.pp-U77P2J4JL4D94{text-align:center;border:none;border-radius:0.25rem;min-width:11.625rem;padding:0 2rem;height:2.625rem;font-weight:bold;background-color:#FFD140;color:#000000;font-family:\"Helvetica Neue\",Arial,sans-serif;font-size:1rem;line-height:1.25rem;cursor:pointer;}<\/style>\n  <form action=\"https:\/\/www.paypal.com\/ncp\/payment\/U77P2J4JL4D94\" method=\"post\" target=\"_blank\" style=\"display:inline-grid;justify-items:center;align-content:start;gap:0.5rem;\">\n    <input class=\"pp-U77P2J4JL4D94\" type=\"submit\" value=\"Comprar ahora\" \/>\n    <img src=https:\/\/www.paypalobjects.com\/images\/Debit_Credit_APM.svg alt=\"cards\" \/>\n    <section style=\"font-size: 0.75rem;\"> Con la tecnolog\u00eda de <img decoding=\"async\" src=\"https:\/\/www.paypalobjects.com\/paypal-ui\/logos\/svg\/paypal-wordmark-color.svg\" alt=\"paypal\" style=\"height:0.875rem;vertical-align:middle;\"\/><\/section>\n  <\/form>\n<\/div>\n<\/div>\n\n\n\n<div class=\"wp-block-column is-layout-flow wp-block-column-is-layout-flow\" style=\"flex-basis:25%\"><\/div>\n<\/div>\n\n\n\n<figure class=\"wp-block-image aligncenter size-full\"><a href=\"https:\/\/mermeladadejuegos.org\/ludica\/wp-content\/uploads\/2025\/11\/Taller-basico-GGJ-206-50-off.png\"><img loading=\"lazy\" decoding=\"async\" width=\"250\" height=\"164\" src=\"https:\/\/mermeladadejuegos.org\/ludica\/wp-content\/uploads\/2025\/11\/Taller-basico-GGJ-206-50-off.png\" alt=\"\" class=\"wp-image-165\"\/><\/a><\/figure>\n","protected":false},"excerpt":{"rendered":"<p>Programaci\u00f3n b\u00e1sica para videojuegos. Objetivo: Las personas participantes conocer\u00e1n los fundamentos b\u00e1sicos de programaci\u00f3n y lo aplicar\u00e1n en el desarrollo b\u00e1sico de una novela visual y de un juego simple. Objetivo secundario: Adquirir el conocimiento b\u00e1sico de la herramienta Ren&#8217;Py para desarrollo de novelas visuales. Adquirir el conocimiento m\u00ednimo de la herramienta GODOT Engine para [&hellip;]<\/p>\n","protected":false},"author":2,"featured_media":0,"parent":0,"menu_order":0,"comment_status":"closed","ping_status":"closed","template":"","meta":{"footnotes":""},"class_list":["post-59","page","type-page","status-publish","hentry"],"_links":{"self":[{"href":"https:\/\/mermeladadejuegos.org\/ludica\/wp-json\/wp\/v2\/pages\/59","targetHints":{"allow":["GET"]}}],"collection":[{"href":"https:\/\/mermeladadejuegos.org\/ludica\/wp-json\/wp\/v2\/pages"}],"about":[{"href":"https:\/\/mermeladadejuegos.org\/ludica\/wp-json\/wp\/v2\/types\/page"}],"author":[{"embeddable":true,"href":"https:\/\/mermeladadejuegos.org\/ludica\/wp-json\/wp\/v2\/users\/2"}],"replies":[{"embeddable":true,"href":"https:\/\/mermeladadejuegos.org\/ludica\/wp-json\/wp\/v2\/comments?post=59"}],"version-history":[{"count":54,"href":"https:\/\/mermeladadejuegos.org\/ludica\/wp-json\/wp\/v2\/pages\/59\/revisions"}],"predecessor-version":[{"id":167,"href":"https:\/\/mermeladadejuegos.org\/ludica\/wp-json\/wp\/v2\/pages\/59\/revisions\/167"}],"wp:attachment":[{"href":"https:\/\/mermeladadejuegos.org\/ludica\/wp-json\/wp\/v2\/media?parent=59"}],"curies":[{"name":"wp","href":"https:\/\/api.w.org\/{rel}","templated":true}]}}